  {"id":12913,"date":"2024-10-31T12:20:15","date_gmt":"2024-10-31T11:20:15","guid":{"rendered":"https:\/\/inopia.uni.opole.pl\/conference\/"},"modified":"2025-03-17T12:02:09","modified_gmt":"2025-03-17T11:02:09","slug":"conference","status":"publish","type":"page","link":"https:\/\/inopia.uni.opole.pl\/en\/conference\/","title":{"rendered":"Conference"},"content":{"rendered":"\t\t<div data-elementor-type=\"wp-page\" data-elementor-id=\"12913\" class=\"elementor elementor-12913 elementor-12904\" data-elementor-post-type=\"page\">\n\t\t\t\t<div class=\"elementor-element elementor-element-628fd241 e-flex e-con-boxed e-con e-parent\" data-id=\"628fd241\" data-element_type=\"container\" data-e-type=\"container\" data-settings=\"{&quot;jet_parallax_layout_list&quot;:[]}\">\n\t\t\t\t\t<div class=\"e-con-inner\">\n\t\t\t\t<div class=\"elementor-element elementor-element-4a4bd40b elementor-widget elementor-widget-heading\" data-id=\"4a4bd40b\" data-element_type=\"widget\" data-e-type=\"widget\" data-widget_type=\"heading.default\">\n\t\t\t\t<div class=\"elementor-widget-container\">\n\t\t\t\t\t<h1 class=\"elementor-heading-title elementor-size-default\">Conferences and scientific seminars:<\/h1>\t\t\t\t<\/div>\n\t\t\t\t<\/div>\n\t\t\t\t\t<\/div>\n\t\t\t\t<\/div>\n\t\t<div class=\"elementor-element elementor-element-7773d51a e-flex e-con-boxed e-con e-parent\" data-id=\"7773d51a\" data-element_type=\"container\" data-e-type=\"container\" data-settings=\"{&quot;jet_parallax_layout_list&quot;:[]}\">\n\t\t\t\t\t<div class=\"e-con-inner\">\n\t\t<div class=\"elementor-element elementor-element-6500df24 e-flex e-con-boxed e-con e-child\" data-id=\"6500df24\" data-element_type=\"container\" data-e-type=\"container\" data-settings=\"{&quot;jet_parallax_layout_list&quot;:[]}\">\n\t\t\t\t\t<div class=\"e-con-inner\">\n\t\t\t\t<div class=\"elementor-element elementor-element-a8cfa46 elementor-widget elementor-widget-text-editor\" data-id=\"a8cfa46\" data-element_type=\"widget\" data-e-type=\"widget\" data-widget_type=\"text-editor.default\">\n\t\t\t\t<div class=\"elementor-widget-container\">\n\t\t\t\t\t\t\t\t\t<ul><li class=\"elementor-heading-title elementor-size-default\"><a href=\"https:\/\/inopia.uni.opole.pl\/conference-ai\">International Scientific Conference <strong>&#8220;Is AI a Friend or an Enemy?<\/strong> September 25-26, 2025<\/a><\/li><li><a href=\"https:\/\/inopia.uni.opole.pl\/kongres-o-mniejszosciach-en\"><strong>\u201eCongress on Minorities\u201d<\/strong>, September 23-24, 2025, in Opole.<\/a><\/li><li class=\"elementor-heading-title elementor-size-default\"><a href=\"https:\/\/inopia.uni.opole.pl\/deconstructing-borders-in-borderlands-studies\/\">Congres of the researches of borders and borderlands 16-18 September 2024<\/a><\/li><li>Conference \u201c<em>Borderlands facing a polycrisis in the 21st century. Resilience and future perspectives of cross-border relations\u201d <\/em><strong>Opole \u2013 Wroclaw, 10-13 September 2023<\/strong><\/li><li><span class=\"Y2IQFc\" lang=\"en\">International scientific seminar: Contemporary issues of regional studies from an international perspective, Opole, May 30, 2022<\/span><\/li><li><span class=\"Y2IQFc\" lang=\"en\">Scientific seminar of Dr. \u00c1gnes Er\u0151ss (University of Opole and Institute of Geography in Budapest) \u201cHungarian parish elections 2022: campaign, results and consequences\u201d, Opole, April 21, 2022. <\/span><\/li><li><span class=\"Y2IQFc\" lang=\"en\">New Challenges for Borderlands Studies: Regional, European and Global Perspectives, Opole, September 8-10, 2021.<\/span><\/li><li><span class=\"Y2IQFc\" lang=\"en\">Issues of regional politics in a international perspective, Kamie\u0144 \u015al\u0105ski 15-16.05.2018.<\/span><\/li><\/ul>\t\t\t\t\t\t\t\t<\/div>\n\t\t\t\t<\/div>\n\t\t\t\t\t<\/div>\n\t\t\t\t<\/div>\n\t\t\t\t\t<\/div>\n\t\t\t\t<\/div>\n\t\t<div class=\"elementor-element elementor-element-583d20f6 e-flex e-con-boxed e-con e-parent\" data-id=\"583d20f6\" data-element_type=\"container\" data-e-type=\"container\" data-settings=\"{&quot;jet_parallax_layout_list&quot;:[]}\">\n\t\t\t\t\t<div class=\"e-con-inner\">\n\t\t\t\t\t<\/div>\n\t\t\t\t<\/div>\n\t\t\t\t<\/div>\n\t\t","protected":false},"excerpt":{"rendered":"<p>Conferences and scientific seminars: International Scientific Conference &#8220;Is AI a Friend or an Enemy? September 25-26, 2025 \u201eCongress on Minorities\u201d, September 23-24, 2025, in Opole. Congres of the researches of borders and borderlands 16-18 September 2024 Conference \u201cBorderlands facing a polycrisis in the 21st century. Resilience and future perspectives of cross-border relations\u201d Opole \u2013 Wroclaw, [&hellip;]<\/p>\n","protected":false},"author":26,"featured_media":0,"parent":0,"menu_order":0,"comment_status":"closed","ping_status":"closed","template":"","meta":{"footnotes":""},"class_list":["post-12913","page","type-page","status-publish","hentry"],"_links":{"self":[{"href":"https:\/\/inopia.uni.opole.pl\/en\/wp-json\/wp\/v2\/pages\/12913","targetHints":{"allow":["GET"]}}],"collection":[{"href":"https:\/\/inopia.uni.opole.pl\/en\/wp-json\/wp\/v2\/pages"}],"about":[{"href":"https:\/\/inopia.uni.opole.pl\/en\/wp-json\/wp\/v2\/types\/page"}],"author":[{"embeddable":true,"href":"https:\/\/inopia.uni.opole.pl\/en\/wp-json\/wp\/v2\/users\/26"}],"replies":[{"embeddable":true,"href":"https:\/\/inopia.uni.opole.pl\/en\/wp-json\/wp\/v2\/comments?post=12913"}],"version-history":[{"count":0,"href":"https:\/\/inopia.uni.opole.pl\/en\/wp-json\/wp\/v2\/pages\/12913\/revisions"}],"wp:attachment":[{"href":"https:\/\/inopia.uni.opole.pl\/en\/wp-json\/wp\/v2\/media?parent=12913"}],"curies":[{"name":"wp","href":"https:\/\/api.w.org\/{rel}","templated":true}]}}